{"id":1083,"date":"2014-06-03T09:24:26","date_gmt":"2014-06-03T08:24:26","guid":{"rendered":"http:\/\/www.francais-d-allemagne.eu\/nord\/?page_id=1083"},"modified":"2026-03-02T00:06:36","modified_gmt":"2026-03-01T23:06:36","slug":"vos-conseillers","status":"publish","type":"page","link":"https:\/\/www.francais-d-allemagne.eu\/nord\/vos-conseillers\/","title":{"rendered":"Vos \u00e9lu-es consulaires (2014-2021)"},"content":{"rendered":"\n<figure class=\"wp-block-gallery has-nested-images columns-4 is-cropped wp-block-gallery-1 is-layout-flex wp-block-gallery-is-layout-flex\">\n<figure class=\"wp-block-image size-large\"><img loading=\"lazy\" decoding=\"async\" width=\"866\" height=\"1024\" data-id=\"31\" src=\"https:\/\/www.francais-d-allemagne.eu\/nord\/wp-content\/uploads\/sites\/2\/2014\/02\/Philippe-Loiseau-fond-blanc-02-866x1024.jpg\" alt=\"\" class=\"wp-image-31\" srcset=\"https:\/\/www.francais-d-allemagne.eu\/nord\/wp-content\/uploads\/sites\/2\/2014\/02\/Philippe-Loiseau-fond-blanc-02-866x1024.jpg 866w, https:\/\/www.francais-d-allemagne.eu\/nord\/wp-content\/uploads\/sites\/2\/2014\/02\/Philippe-Loiseau-fond-blanc-02-253x300.jpg 253w, https:\/\/www.francais-d-allemagne.eu\/nord\/wp-content\/uploads\/sites\/2\/2014\/02\/Philippe-Loiseau-fond-blanc-02.jpg 1500w\" sizes=\"auto, (max-width: 866px) 100vw, 866px\" \/><figcaption class=\"wp-element-caption\"><span style=\"color:white\"><b>Philippe<\/b><\/span><\/figcaption><\/figure>\n\n\n\n<figure class=\"wp-block-image size-large\"><img loading=\"lazy\" decoding=\"async\" width=\"752\" height=\"1024\" data-id=\"45\" src=\"https:\/\/www.francais-d-allemagne.eu\/nord\/wp-content\/uploads\/sites\/2\/2014\/02\/Natacha-Boroukhoff-fond-blanc-752x1024.jpg\" alt=\"\" class=\"wp-image-45\" srcset=\"https:\/\/www.francais-d-allemagne.eu\/nord\/wp-content\/uploads\/sites\/2\/2014\/02\/Natacha-Boroukhoff-fond-blanc-752x1024.jpg 752w, https:\/\/www.francais-d-allemagne.eu\/nord\/wp-content\/uploads\/sites\/2\/2014\/02\/Natacha-Boroukhoff-fond-blanc-220x300.jpg 220w, https:\/\/www.francais-d-allemagne.eu\/nord\/wp-content\/uploads\/sites\/2\/2014\/02\/Natacha-Boroukhoff-fond-blanc.jpg 1134w\" sizes=\"auto, (max-width: 752px) 100vw, 752px\" \/><figcaption class=\"wp-element-caption\"><span style=\"color:white\"><b>Natacha<\/b><\/span><\/figcaption><\/figure>\n\n\n\n<figure class=\"wp-block-image size-large\"><img loading=\"lazy\" decoding=\"async\" width=\"813\" height=\"1024\" data-id=\"44\" src=\"https:\/\/www.francais-d-allemagne.eu\/nord\/wp-content\/uploads\/sites\/2\/2014\/02\/Joelle-Ohlmer-Trouve-02-wp-blanc-813x1024.jpg\" alt=\"Joelle Ohlmer Trouve\" class=\"wp-image-44\" srcset=\"https:\/\/www.francais-d-allemagne.eu\/nord\/wp-content\/uploads\/sites\/2\/2014\/02\/Joelle-Ohlmer-Trouve-02-wp-blanc-813x1024.jpg 813w, https:\/\/www.francais-d-allemagne.eu\/nord\/wp-content\/uploads\/sites\/2\/2014\/02\/Joelle-Ohlmer-Trouve-02-wp-blanc-238x300.jpg 238w, https:\/\/www.francais-d-allemagne.eu\/nord\/wp-content\/uploads\/sites\/2\/2014\/02\/Joelle-Ohlmer-Trouve-02-wp-blanc.jpg 1226w\" sizes=\"auto, (max-width: 813px) 100vw, 813px\" \/><figcaption class=\"wp-element-caption\"><span style=\"color:white\"><b>Jo\u00eblle<\/b><\/span><\/figcaption><\/figure>\n\n\n\n<figure class=\"wp-block-image size-large\"><img loading=\"lazy\" decoding=\"async\" width=\"768\" height=\"1024\" data-id=\"42\" src=\"https:\/\/www.francais-d-allemagne.eu\/nord\/wp-content\/uploads\/sites\/2\/2014\/02\/Nicolas-Stallivieri-fond-blancwordpress-768x1024.jpg\" alt=\"Nicolas Stallivieri\" class=\"wp-image-42\" srcset=\"https:\/\/www.francais-d-allemagne.eu\/nord\/wp-content\/uploads\/sites\/2\/2014\/02\/Nicolas-Stallivieri-fond-blancwordpress-768x1024.jpg 768w, https:\/\/www.francais-d-allemagne.eu\/nord\/wp-content\/uploads\/sites\/2\/2014\/02\/Nicolas-Stallivieri-fond-blancwordpress-225x300.jpg 225w, https:\/\/www.francais-d-allemagne.eu\/nord\/wp-content\/uploads\/sites\/2\/2014\/02\/Nicolas-Stallivieri-fond-blancwordpress.jpg 1159w\" sizes=\"auto, (max-width: 768px) 100vw, 768px\" \/><figcaption class=\"wp-element-caption\"><span style=\"color:white\"><b>Nicolas<\/b><\/span><\/figcaption><\/figure>\n<\/figure>\n\n\n\n<p><strong>Les conseils consulaires ont \u00e9t\u00e9 institu\u00e9s par la loi du 22 juillet 2013, <\/strong>qui a r\u00e9form\u00e9 en profondeur la repr\u00e9sentation des Fran\u00e7ais \u00e9tablis hors de France.<\/p>\n\n\n\n<p>Chaque conseil consulaire est compos\u00e9 de conseill\u00e8res et de conseillers des Fran\u00e7ais de l\u2019\u00e9tranger (anciennement appel\u00e9s conseillers consulaires), \u00e9lus pour un mandat de six ans par leurs compatriotes r\u00e9sidant \u00e0 l\u2019\u00e9tranger.<\/p>\n\n\n\n<p><strong>Ces conseils ont pour mission<\/strong> de formuler des avis sur les questions touchant \u00e0 la vie quotidienne des Fran\u00e7ais de l\u2019\u00e9tranger. Les conseillers travaillent en \u00e9troite collaboration avec les ambassades et les consulats, contribuant \u00e0 faire remonter les pr\u00e9occupations locales et \u00e0 renforcer le lien entre les citoyen\u2022nes et l\u2019administration.<\/p>\n\n\n\n<p><strong>La premi\u00e8re \u00e9lection de ces conseillers a eu lieu en 2014<\/strong>. <\/p>\n\n\n\n<p>En raison de la crise sanitaire li\u00e9e \u00e0 la pand\u00e9mie de COVID-19, la premi\u00e8re mandature des conseils consulaires a \u00e9t\u00e9 exceptionnellement prolong\u00e9e jusqu\u2019en 2021.<\/p>\n\n\n\n<p><strong>Entre 2014 et 2021<\/strong>, la circonscription a d&rsquo;abord \u00e9t\u00e9 repr\u00e9sent\u00e9e par Philippe Loiseau, Natacha Boroukhoff et Nicolas Stallivieri en tant que conseillers, et de Jo\u00eblle Ohlmer-Trouv\u00e9 en qualit\u00e9 de d\u00e9l\u00e9gu\u00e9e consulaire. Les d\u00e9l\u00e9gu\u00e9s, bien que non \u00e9lus, jouent un r\u00f4le essentiel en appui aux conseillers, notamment dans le suivi des dossiers locaux et le lien de proximit\u00e9. \u00c0 la suite du d\u00e9part de Natacha d&rsquo;Allemagne, Jo\u00eblle a \u00e9t\u00e9 appel\u00e9e \u00e0 si\u00e9ger comme conseill\u00e8re.<\/p>\n\n\n\n<p><\/p>\n","protected":false},"excerpt":{"rendered":"<p>Les conseils consulaires ont \u00e9t\u00e9 institu\u00e9s par la loi du 22 juillet 2013, qui a r\u00e9form\u00e9 en profondeur la repr\u00e9sentation des Fran\u00e7ais \u00e9tablis hors de France. Chaque conseil consulaire est compos\u00e9 de conseill\u00e8res et de conseillers des Fran\u00e7ais de l\u2019\u00e9tranger (anciennement appel\u00e9s conseillers consulaires), \u00e9lus pour un mandat de six ans par leurs compatriotes r\u00e9sidant [&hellip;]<\/p>\n","protected":false},"author":3,"featured_media":0,"parent":0,"menu_order":0,"comment_status":"closed","ping_status":"closed","template":"","meta":{"jetpack_post_was_ever_published":true,"footnotes":""},"class_list":["post-1083","page","type-page","status-publish","hentry"],"jetpack_sharing_enabled":true,"jetpack_shortlink":"https:\/\/wp.me\/P4ndNg-ht","_links":{"self":[{"href":"https:\/\/www.francais-d-allemagne.eu\/nord\/wp-json\/wp\/v2\/pages\/1083","targetHints":{"allow":["GET"]}}],"collection":[{"href":"https:\/\/www.francais-d-allemagne.eu\/nord\/wp-json\/wp\/v2\/pages"}],"about":[{"href":"https:\/\/www.francais-d-allemagne.eu\/nord\/wp-json\/wp\/v2\/types\/page"}],"author":[{"embeddable":true,"href":"https:\/\/www.francais-d-allemagne.eu\/nord\/wp-json\/wp\/v2\/users\/3"}],"replies":[{"embeddable":true,"href":"https:\/\/www.francais-d-allemagne.eu\/nord\/wp-json\/wp\/v2\/comments?post=1083"}],"version-history":[{"count":31,"href":"https:\/\/www.francais-d-allemagne.eu\/nord\/wp-json\/wp\/v2\/pages\/1083\/revisions"}],"predecessor-version":[{"id":5170,"href":"https:\/\/www.francais-d-allemagne.eu\/nord\/wp-json\/wp\/v2\/pages\/1083\/revisions\/5170"}],"wp:attachment":[{"href":"https:\/\/www.francais-d-allemagne.eu\/nord\/wp-json\/wp\/v2\/media?parent=1083"}],"curies":[{"name":"wp","href":"https:\/\/api.w.org\/{rel}","templated":true}]}}