{"id":226,"date":"2014-04-05T16:28:46","date_gmt":"2014-04-05T15:28:46","guid":{"rendered":"http:\/\/www.francais-d-allemagne.eu\/nord\/?page_id=226"},"modified":"2026-03-20T09:37:17","modified_gmt":"2026-03-20T08:37:17","slug":"nicolas-stallivieri","status":"publish","type":"page","link":"https:\/\/www.francais-d-allemagne.eu\/nord\/vos-conseillers\/nicolas-stallivieri\/","title":{"rendered":"Nicolas Stallivieri"},"content":{"rendered":"\n<div class=\"wp-block-group is-style-default has-border-color has-base-background-color has-background has-global-padding is-layout-constrained wp-container-core-group-is-layout-adb12296 wp-block-group-is-layout-constrained\" style=\"border-color:#e2e2ef;border-width:1px;border-radius:5px;padding-top:var(--wp--preset--spacing--large);padding-right:var(--wp--preset--spacing--large);padding-bottom:var(--wp--preset--spacing--large);padding-left:var(--wp--preset--spacing--large)\">\n<figure class=\"wp-block-image size-full\"><img loading=\"lazy\" decoding=\"async\" width=\"1000\" height=\"667\" src=\"https:\/\/www.francais-d-allemagne.eu\/nord\/wp-content\/uploads\/sites\/2\/2019\/01\/Nicolas-Stallivieri.jpg\" alt=\"\" class=\"wp-image-3901\" srcset=\"https:\/\/www.francais-d-allemagne.eu\/nord\/wp-content\/uploads\/sites\/2\/2019\/01\/Nicolas-Stallivieri.jpg 1000w, https:\/\/www.francais-d-allemagne.eu\/nord\/wp-content\/uploads\/sites\/2\/2019\/01\/Nicolas-Stallivieri-300x200.jpg 300w, https:\/\/www.francais-d-allemagne.eu\/nord\/wp-content\/uploads\/sites\/2\/2019\/01\/Nicolas-Stallivieri-768x512.jpg 768w, https:\/\/www.francais-d-allemagne.eu\/nord\/wp-content\/uploads\/sites\/2\/2019\/01\/Nicolas-Stallivieri-90x60.jpg 90w\" sizes=\"auto, (max-width: 1000px) 100vw, 1000px\" \/><\/figure>\n\n\n\n<div class=\"wp-block-group has-global-padding is-layout-constrained wp-container-core-group-is-layout-f5f3bcb8 wp-block-group-is-layout-constrained\">\n<p class=\"has-medium-font-size\" style=\"font-style:normal;font-weight:600\">Hambourg<\/p>\n\n\n\n<p>Ing\u00e9nieur \u2022 IT-Manager | 41 ans<\/p>\n\n\n\n<p>Candidat \u00e0 l&rsquo;\u00e9lection des conseillers des Fran\u00e7ais-es de l&rsquo;\u00e9tranger<br>Conseiller consulaire \u00e9lu (2014-2021)<\/p>\n<\/div>\n\n\n\n<div class=\"wp-block-buttons is-content-justification-left is-layout-flex wp-container-core-buttons-is-layout-ef5fdf77 wp-block-buttons-is-layout-flex\" style=\"margin-top:var(--wp--preset--spacing--medium)\">\n<div class=\"wp-block-button has-custom-width wp-block-button__width-50 is-style-fill\"><a class=\"wp-block-button__link wp-element-button\" href=\"https:\/\/linktr.ee\/Nico.Connect\">Se connecter<\/a><\/div>\n<\/div>\n<\/div>\n\n\n\n<blockquote class=\"wp-block-quote is-layout-flow wp-block-quote-is-layout-flow\">\n<p>\u00c2g\u00e9 de 41 ans, franco-allemand, install\u00e9 \u00e0 Berlin pour mes \u00e9tudes puis \u00e0 Hambourg depuis bient\u00f4t 20 ans, je connais bien l\u2019Allemagne du Nord et ses acteurs.<\/p>\n<\/blockquote>\n\n\n\n<div class=\"wp-block-cover is-style-default\" style=\"padding-top:var(--wp--preset--spacing--x-large);padding-bottom:var(--wp--preset--spacing--x-large)\"><span aria-hidden=\"true\" class=\"wp-block-cover__background has-main-background-color has-background-dim-100 has-background-dim\"><\/span><div class=\"wp-block-cover__inner-container is-layout-flow wp-block-cover-is-layout-flow\">\n<div class=\"wp-block-group has-global-padding is-layout-constrained wp-container-core-group-is-layout-f5f3bcb8 wp-block-group-is-layout-constrained\">\n<p class=\"has-text-align-left has-base-color has-text-color has-medium-font-size\" style=\"font-style:normal;font-weight:600\">Mon parcours<\/p>\n\n\n\n<div class=\"wp-block-group is-nowrap is-layout-flex wp-container-core-group-is-layout-6c531013 wp-block-group-is-layout-flex\">\n<figure class=\"wp-block-image size-large is-resized\"><a href=\"https:\/\/www.francais-d-allemagne.eu\/nord\/wp-content\/uploads\/sites\/2\/2025\/11\/berlin-4421712_1280.jpg\"><img loading=\"lazy\" decoding=\"async\" width=\"1024\" height=\"682\" src=\"https:\/\/www.francais-d-allemagne.eu\/nord\/wp-content\/uploads\/sites\/2\/2025\/11\/berlin-4421712_1280-1024x682.jpg\" alt=\"\" class=\"wp-image-4941\" style=\"aspect-ratio:1.5014856608686944;width:216px;height:auto\" srcset=\"https:\/\/www.francais-d-allemagne.eu\/nord\/wp-content\/uploads\/sites\/2\/2025\/11\/berlin-4421712_1280-1024x682.jpg 1024w, https:\/\/www.francais-d-allemagne.eu\/nord\/wp-content\/uploads\/sites\/2\/2025\/11\/berlin-4421712_1280-300x200.jpg 300w, https:\/\/www.francais-d-allemagne.eu\/nord\/wp-content\/uploads\/sites\/2\/2025\/11\/berlin-4421712_1280-768x512.jpg 768w, https:\/\/www.francais-d-allemagne.eu\/nord\/wp-content\/uploads\/sites\/2\/2025\/11\/berlin-4421712_1280-90x60.jpg 90w, https:\/\/www.francais-d-allemagne.eu\/nord\/wp-content\/uploads\/sites\/2\/2025\/11\/berlin-4421712_1280.jpg 1280w\" sizes=\"auto, (max-width: 1024px) 100vw, 1024px\" \/><\/a><\/figure>\n\n\n\n<p class=\"has-text-align-left has-main-accent-color has-text-color\" style=\"font-style:normal;font-weight:400\"><br><\/p>\n<\/div>\n\n\n\n<p>Ancien \u00e9l\u00e8ve des classe pr\u00e9paratoires, j&rsquo;ai \u00e9t\u00e9 admis \u00e0 l&rsquo;\u00c9cole nationale sup\u00e9rieure des Mines en 2004. C&rsquo;est dans ce cadre, qu&rsquo;<strong>un \u00e9change Erasmus <\/strong>m&rsquo;a conduit en 2006 \u00e0 <strong>Berlin<\/strong>.<\/p>\n\n\n\n<p class=\"has-text-align-left has-main-accent-color has-text-color\" style=\"font-style:normal;font-weight:400\">Apr\u00e8s mes \u00e9tudes, je rejoins <strong>Hambourg,<\/strong> o\u00f9 je vis depuis l&rsquo;automne 2007.<\/p>\n\n\n\n<p class=\"has-text-align-left has-main-accent-color has-text-color\" style=\"font-style:normal;font-weight:400\">J&rsquo;y ai occup\u00e9 diverses fonctions, principalement dans le monde de l&rsquo;\u00e9dition et avec <strong>une organisation internationale pour la protection de l&rsquo;environnement<\/strong>. Je travaille d\u00e9sormais avec des organisations et des entreprises pour la r\u00e9ussite de leurs projets informatiques et de transformation num\u00e9rique.<\/p>\n<\/div>\n\n\n\n<figure class=\"wp-block-image size-large\"><a href=\"https:\/\/www.francais-d-allemagne.eu\/nord\/wp-content\/uploads\/sites\/2\/2025\/11\/hamburg-4570577_1280.jpg\"><img loading=\"lazy\" decoding=\"async\" width=\"1024\" height=\"682\" src=\"https:\/\/www.francais-d-allemagne.eu\/nord\/wp-content\/uploads\/sites\/2\/2025\/11\/hamburg-4570577_1280-1024x682.jpg\" alt=\"\" class=\"wp-image-4940\" srcset=\"https:\/\/www.francais-d-allemagne.eu\/nord\/wp-content\/uploads\/sites\/2\/2025\/11\/hamburg-4570577_1280-1024x682.jpg 1024w, https:\/\/www.francais-d-allemagne.eu\/nord\/wp-content\/uploads\/sites\/2\/2025\/11\/hamburg-4570577_1280-300x200.jpg 300w, https:\/\/www.francais-d-allemagne.eu\/nord\/wp-content\/uploads\/sites\/2\/2025\/11\/hamburg-4570577_1280-768x512.jpg 768w, https:\/\/www.francais-d-allemagne.eu\/nord\/wp-content\/uploads\/sites\/2\/2025\/11\/hamburg-4570577_1280-90x60.jpg 90w, https:\/\/www.francais-d-allemagne.eu\/nord\/wp-content\/uploads\/sites\/2\/2025\/11\/hamburg-4570577_1280.jpg 1280w\" sizes=\"auto, (max-width: 1024px) 100vw, 1024px\" \/><\/a><\/figure>\n<\/div><\/div>\n\n\n\n<div class=\"wp-block-group has-primary-background-color has-background has-global-padding is-layout-constrained wp-container-core-group-is-layout-5fbedae1 wp-block-group-is-layout-constrained\" style=\"border-radius:5px;padding-top:var(--wp--preset--spacing--large);padding-right:var(--wp--preset--spacing--large);padding-bottom:var(--wp--preset--spacing--large);padding-left:var(--wp--preset--spacing--large)\">\n<div class=\"wp-block-group is-content-justification-space-between is-layout-flex wp-container-core-group-is-layout-9366075c wp-block-group-is-layout-flex\">\n<p class=\"has-base-color has-text-color has-medium-font-size\" style=\"font-style:normal;font-weight:600\">Engagement associatif<\/p>\n\n\n\n<p class=\"has-primary-accent-color has-text-color\"><\/p>\n<\/div>\n\n\n\n<div class=\"wp-block-group has-global-padding is-layout-constrained wp-block-group-is-layout-constrained\">\n<p class=\"has-base-color has-text-color\"><strong>Mon engagement associatif<\/strong> aupr\u00e8s de Fran\u00e7ais du Monde Hambourg m&rsquo;a conduit \u00e0 cr\u00e9er, soutenir et d\u00e9velopper des initiatives <strong>pour l&rsquo;apprentissage du fran\u00e7ais<\/strong> \u00e0 Hambourg. <\/p>\n\n\n\n<p class=\"has-base-color has-text-color\">J&rsquo;accompagne depuis 2014 l&rsquo;animation <strong>Le Petit Prince,<\/strong> pour les enfants francophones scolaris\u00e9s dans le syst\u00e8me allemand.<\/p>\n<\/div>\n\n\n\n<figure class=\"wp-block-image size-full\"><img loading=\"lazy\" decoding=\"async\" width=\"960\" height=\"563\" src=\"https:\/\/www.francais-d-allemagne.eu\/nord\/wp-content\/uploads\/sites\/2\/2018\/02\/crayons.jpg\" alt=\"\" class=\"wp-image-3560\" srcset=\"https:\/\/www.francais-d-allemagne.eu\/nord\/wp-content\/uploads\/sites\/2\/2018\/02\/crayons.jpg 960w, https:\/\/www.francais-d-allemagne.eu\/nord\/wp-content\/uploads\/sites\/2\/2018\/02\/crayons-300x176.jpg 300w, https:\/\/www.francais-d-allemagne.eu\/nord\/wp-content\/uploads\/sites\/2\/2018\/02\/crayons-768x450.jpg 768w\" sizes=\"auto, (max-width: 960px) 100vw, 960px\" \/><\/figure>\n<\/div>\n\n\n\n<blockquote class=\"wp-block-quote is-layout-flow wp-block-quote-is-layout-flow\">\n<p><strong>\u00c9lu consulaire <\/strong>lors de la premi\u00e8re mandature, entre 2014 et 2021, avant la crise du Covid, j\u2019ai eu \u00e0 c\u0153ur de <strong>repr\u00e9senter notre communaut\u00e9 avec engagement et proximit\u00e9<\/strong>.<\/p>\n<\/blockquote>\n\n\n\n<div class=\"wp-block-group is-style-default has-border-color has-base-background-color has-background has-global-padding is-layout-constrained wp-container-core-group-is-layout-17dae360 wp-block-group-is-layout-constrained\" style=\"border-color:#e2e2ef;border-width:1px;border-radius:5px;padding-top:var(--wp--preset--spacing--large);padding-right:var(--wp--preset--spacing--large);padding-bottom:var(--wp--preset--spacing--large);padding-left:var(--wp--preset--spacing--large)\">\n<figure class=\"wp-block-image size-large\"><a href=\"https:\/\/www.francais-d-allemagne.eu\/nord\/wp-content\/uploads\/sites\/2\/2019\/01\/travail-emploi-stages.jpg\"><img loading=\"lazy\" decoding=\"async\" width=\"1024\" height=\"739\" src=\"https:\/\/www.francais-d-allemagne.eu\/nord\/wp-content\/uploads\/sites\/2\/2019\/01\/travail-emploi-stages-1024x739.jpg\" alt=\"\" class=\"wp-image-3915\" srcset=\"https:\/\/www.francais-d-allemagne.eu\/nord\/wp-content\/uploads\/sites\/2\/2019\/01\/travail-emploi-stages-1024x739.jpg 1024w, https:\/\/www.francais-d-allemagne.eu\/nord\/wp-content\/uploads\/sites\/2\/2019\/01\/travail-emploi-stages-300x217.jpg 300w, https:\/\/www.francais-d-allemagne.eu\/nord\/wp-content\/uploads\/sites\/2\/2019\/01\/travail-emploi-stages-768x554.jpg 768w, https:\/\/www.francais-d-allemagne.eu\/nord\/wp-content\/uploads\/sites\/2\/2019\/01\/travail-emploi-stages.jpg 1920w\" sizes=\"auto, (max-width: 1024px) 100vw, 1024px\" \/><\/a><\/figure>\n\n\n\n<p>Lors de ce mandat, je me suis beaucoup investi dans <strong>un projet<\/strong> <strong>pour l&#8217;emploi <\/strong>que j&rsquo;ai initi\u00e9 avec l&rsquo;association Fran\u00e7ais du Monde Hambourg pour favoriser l&rsquo;int\u00e9gration des Francophones sur le march\u00e9 de l&#8217;emploi local et accompagner leur d\u00e9veloppement professionnel.<\/p>\n\n\n\n<p>J\u2019ai \u00e9t\u00e9 pr\u00e9sent tout au long du mandat <strong>dans les principales villes<\/strong> de la circonscription pour \u00e9couter, soutenir et encourager les projets des Fran\u00e7ais\u2022es.<\/p>\n\n\n\n<figure class=\"wp-block-gallery has-nested-images columns-default is-cropped wp-block-gallery-1 is-layout-flex wp-block-gallery-is-layout-flex\">\n<figure class=\"wp-block-image size-large\"><img loading=\"lazy\" decoding=\"async\" width=\"739\" height=\"592\" data-id=\"5153\" src=\"https:\/\/www.francais-d-allemagne.eu\/nord\/wp-content\/uploads\/sites\/2\/2026\/03\/a-lambassade.jpg\" alt=\"\" class=\"wp-image-5153\" srcset=\"https:\/\/www.francais-d-allemagne.eu\/nord\/wp-content\/uploads\/sites\/2\/2026\/03\/a-lambassade.jpg 739w, https:\/\/www.francais-d-allemagne.eu\/nord\/wp-content\/uploads\/sites\/2\/2026\/03\/a-lambassade-300x240.jpg 300w\" sizes=\"auto, (max-width: 739px) 100vw, 739px\" \/><figcaption class=\"wp-element-caption\">\u00e0 Berlin<\/figcaption><\/figure>\n\n\n\n<figure class=\"wp-block-image size-large\"><img loading=\"lazy\" decoding=\"async\" width=\"1024\" height=\"768\" data-id=\"3343\" src=\"https:\/\/www.francais-d-allemagne.eu\/nord\/wp-content\/uploads\/sites\/2\/2017\/08\/15-ans-Franz-2017-1024x768.jpg\" alt=\"\" class=\"wp-image-3343\" srcset=\"https:\/\/www.francais-d-allemagne.eu\/nord\/wp-content\/uploads\/sites\/2\/2017\/08\/15-ans-Franz-2017-1024x768.jpg 1024w, https:\/\/www.francais-d-allemagne.eu\/nord\/wp-content\/uploads\/sites\/2\/2017\/08\/15-ans-Franz-2017-300x225.jpg 300w, https:\/\/www.francais-d-allemagne.eu\/nord\/wp-content\/uploads\/sites\/2\/2017\/08\/15-ans-Franz-2017-768x576.jpg 768w\" sizes=\"auto, (max-width: 1024px) 100vw, 1024px\" \/><figcaption class=\"wp-element-caption\">\u00e0 Leipzig<\/figcaption><\/figure>\n\n\n\n<figure class=\"wp-block-image size-large\"><img loading=\"lazy\" decoding=\"async\" width=\"1024\" height=\"682\" data-id=\"1959\" src=\"https:\/\/www.francais-d-allemagne.eu\/nord\/wp-content\/uploads\/sites\/2\/2015\/04\/IMG_7585-1024x682.jpg\" alt=\"\" class=\"wp-image-1959\" srcset=\"https:\/\/www.francais-d-allemagne.eu\/nord\/wp-content\/uploads\/sites\/2\/2015\/04\/IMG_7585-1024x682.jpg 1024w, https:\/\/www.francais-d-allemagne.eu\/nord\/wp-content\/uploads\/sites\/2\/2015\/04\/IMG_7585-300x200.jpg 300w, https:\/\/www.francais-d-allemagne.eu\/nord\/wp-content\/uploads\/sites\/2\/2015\/04\/IMG_7585.jpg 1500w\" sizes=\"auto, (max-width: 1024px) 100vw, 1024px\" \/><figcaption class=\"wp-element-caption\">\u00e0 Braunschweig<\/figcaption><\/figure>\n\n\n\n<figure class=\"wp-block-image size-large\"><img loading=\"lazy\" decoding=\"async\" width=\"1024\" height=\"768\" data-id=\"3687\" src=\"https:\/\/www.francais-d-allemagne.eu\/nord\/wp-content\/uploads\/sites\/2\/2018\/05\/foire-de-hanovre-2018-1024x768.jpeg\" alt=\"\" class=\"wp-image-3687\" srcset=\"https:\/\/www.francais-d-allemagne.eu\/nord\/wp-content\/uploads\/sites\/2\/2018\/05\/foire-de-hanovre-2018-1024x768.jpeg 1024w, https:\/\/www.francais-d-allemagne.eu\/nord\/wp-content\/uploads\/sites\/2\/2018\/05\/foire-de-hanovre-2018-300x225.jpeg 300w, https:\/\/www.francais-d-allemagne.eu\/nord\/wp-content\/uploads\/sites\/2\/2018\/05\/foire-de-hanovre-2018-768x576.jpeg 768w\" sizes=\"auto, (max-width: 1024px) 100vw, 1024px\" \/><figcaption class=\"wp-element-caption\">\u00e0 Hanovre<\/figcaption><\/figure>\n\n\n\n<figure class=\"wp-block-image size-large\"><img loading=\"lazy\" decoding=\"async\" width=\"1024\" height=\"682\" data-id=\"2431\" src=\"https:\/\/www.francais-d-allemagne.eu\/nord\/wp-content\/uploads\/sites\/2\/2016\/05\/Rencontre-au-lyc\u00e9e-Horn-le-19-avril-2016-1024x682.jpg\" alt=\"\" class=\"wp-image-2431\" srcset=\"https:\/\/www.francais-d-allemagne.eu\/nord\/wp-content\/uploads\/sites\/2\/2016\/05\/Rencontre-au-lyc\u00e9e-Horn-le-19-avril-2016-1024x682.jpg 1024w, https:\/\/www.francais-d-allemagne.eu\/nord\/wp-content\/uploads\/sites\/2\/2016\/05\/Rencontre-au-lyc\u00e9e-Horn-le-19-avril-2016-300x200.jpg 300w\" sizes=\"auto, (max-width: 1024px) 100vw, 1024px\" \/><figcaption class=\"wp-element-caption\">\u00e0 Br\u00eame<\/figcaption><\/figure>\n<\/figure>\n<\/div>\n\n\n\n<div class=\"wp-block-group has-tertiary-background-color has-background has-global-padding is-layout-constrained wp-container-core-group-is-layout-5fbedae1 wp-block-group-is-layout-constrained\" style=\"border-radius:5px;padding-top:var(--wp--preset--spacing--large);padding-right:var(--wp--preset--spacing--large);padding-bottom:var(--wp--preset--spacing--large);padding-left:var(--wp--preset--spacing--large)\">\n<div class=\"wp-block-group has-global-padding is-layout-constrained wp-container-core-group-is-layout-f5f3bcb8 wp-block-group-is-layout-constrained\">\n<p class=\"has-medium-font-size\" style=\"font-style:normal;font-weight:600\"><\/p>\n\n\n\n<p class=\"has-secondary-color has-text-color\"><strong>Face \u00e0 la situation politique et sociale actuelle<\/strong>, comme beaucoup d\u2019entre nous, je ressens le besoin de me reconnecter et de m\u2019investir \u00e0 nouveau dans des initiatives de proximit\u00e9.<\/p>\n<\/div>\n\n\n\n<div class=\"wp-block-group has-global-padding is-layout-constrained wp-container-core-group-is-layout-4b99461e wp-block-group-is-layout-constrained\">\n<hr class=\"wp-block-separator has-text-color has-border-light-color has-alpha-channel-opacity has-border-light-background-color has-background is-style-separator-thin\" \/>\n<\/div>\n<\/div>\n\n\n\n<div class=\"wp-block-group has-primary-background-color has-background has-global-padding is-layout-constrained wp-container-core-group-is-layout-5fbedae1 wp-block-group-is-layout-constrained\" style=\"border-radius:5px;padding-top:var(--wp--preset--spacing--large);padding-right:var(--wp--preset--spacing--large);padding-bottom:var(--wp--preset--spacing--large);padding-left:var(--wp--preset--spacing--large)\">\n<div class=\"wp-block-group is-content-justification-space-between is-layout-flex wp-container-core-group-is-layout-9366075c wp-block-group-is-layout-flex\">\n<p class=\"has-base-color has-text-color has-medium-font-size\" style=\"font-style:normal;font-weight:600\">Comme social-\u00e9cologiste<\/p>\n<\/div>\n\n\n\n<div class=\"wp-block-group has-global-padding is-layout-constrained wp-block-group-is-layout-constrained\">\n<p class=\"has-base-color has-text-color\">C&rsquo;est pourquoi <strong>aujourd&rsquo;hui, comme social-\u00e9cologiste<\/strong>, je souhaite faire progresser l\u2019interculturalit\u00e9 franco-allemande, faire vivre les id\u00e9es europ\u00e9ennes et m\u2019investir dans une action publique qui r\u00e9ponde concr\u00e8tement aux besoins de nos communaut\u00e9s : action sociale, emploi et \u00e9conomie locale, acc\u00e8s \u00e0 l\u2019\u00e9ducation et \u00e0 la formation.<\/p>\n<\/div>\n<\/div>\n\n\n\n<div class=\"wp-block-group is-style-default has-border-color has-base-background-color has-background has-global-padding is-layout-constrained wp-container-core-group-is-layout-17dae360 wp-block-group-is-layout-constrained\" style=\"border-color:#e2e2ef;border-width:1px;border-radius:5px;padding-top:var(--wp--preset--spacing--large);padding-right:var(--wp--preset--spacing--large);padding-bottom:var(--wp--preset--spacing--large);padding-left:var(--wp--preset--spacing--large)\">\n<p>Je suis heureux de partager ce projet en vue de l&rsquo;\u00e9lection des conseillers des Fran\u00e7ais\u2022es de l&rsquo;\u00c9tranger de mai 2026, qui re\u00e7oit le soutien de plusieurs organisations, avec une \u00e9quipe tr\u00e8s talentueuse. <\/p>\n\n\n\n<hr class=\"wp-block-separator has-alpha-channel-opacity\" \/>\n\n\n\n<div class=\"wp-block-group is-nowrap is-layout-flex wp-container-core-group-is-layout-1b11d160 wp-block-group-is-layout-flex\">\n<figure class=\"wp-block-image size-full is-resized is-style-rounded-full\"><img loading=\"lazy\" decoding=\"async\" width=\"512\" height=\"512\" src=\"https:\/\/www.francais-d-allemagne.eu\/nord\/wp-content\/uploads\/sites\/2\/2026\/02\/cropped-Logo-2026.jpg\" alt=\"\" class=\"wp-image-5114\" style=\"width:60px;height:60px\" srcset=\"https:\/\/www.francais-d-allemagne.eu\/nord\/wp-content\/uploads\/sites\/2\/2026\/02\/cropped-Logo-2026.jpg 512w, https:\/\/www.francais-d-allemagne.eu\/nord\/wp-content\/uploads\/sites\/2\/2026\/02\/cropped-Logo-2026-300x300.jpg 300w, https:\/\/www.francais-d-allemagne.eu\/nord\/wp-content\/uploads\/sites\/2\/2026\/02\/cropped-Logo-2026-150x150.jpg 150w, https:\/\/www.francais-d-allemagne.eu\/nord\/wp-content\/uploads\/sites\/2\/2026\/02\/cropped-Logo-2026-200x200.jpg 200w, https:\/\/www.francais-d-allemagne.eu\/nord\/wp-content\/uploads\/sites\/2\/2026\/02\/cropped-Logo-2026-270x270.jpg 270w, https:\/\/www.francais-d-allemagne.eu\/nord\/wp-content\/uploads\/sites\/2\/2026\/02\/cropped-Logo-2026-192x192.jpg 192w, https:\/\/www.francais-d-allemagne.eu\/nord\/wp-content\/uploads\/sites\/2\/2026\/02\/cropped-Logo-2026-180x180.jpg 180w, https:\/\/www.francais-d-allemagne.eu\/nord\/wp-content\/uploads\/sites\/2\/2026\/02\/cropped-Logo-2026-32x32.jpg 32w\" sizes=\"auto, (max-width: 512px) 100vw, 512px\" \/><\/figure>\n\n\n\n<div class=\"wp-block-group is-vertical is-layout-flex wp-container-core-group-is-layout-5f9f5280 wp-block-group-is-layout-flex\">\n<p style=\"font-style:normal;font-weight:500\">Pour vous, et avec vous, nous serons des conseill\u00e8res et conseillers qui d\u00e9fendent et font avancer <strong>le progr\u00e8s humain<\/strong>.<\/p>\n<\/div>\n<\/div>\n<\/div>\n\n\n\n<div class=\"wp-block-group has-tertiary-background-color has-background has-global-padding is-layout-constrained wp-container-core-group-is-layout-5fbedae1 wp-block-group-is-layout-constrained\" style=\"border-radius:5px;padding-top:var(--wp--preset--spacing--large);padding-right:var(--wp--preset--spacing--large);padding-bottom:var(--wp--preset--spacing--large);padding-left:var(--wp--preset--spacing--large)\">\n<figure class=\"wp-block-image size-large is-resized\"><img loading=\"lazy\" decoding=\"async\" width=\"768\" height=\"1024\" src=\"https:\/\/www.francais-d-allemagne.eu\/nord\/wp-content\/uploads\/sites\/2\/2026\/03\/Foto-Nico-Berlin-1280x960-1-768x1024.jpg\" alt=\"\" class=\"wp-image-5293\" style=\"aspect-ratio:0.7500090985187612;width:139px;height:auto\" srcset=\"https:\/\/www.francais-d-allemagne.eu\/nord\/wp-content\/uploads\/sites\/2\/2026\/03\/Foto-Nico-Berlin-1280x960-1-768x1024.jpg 768w, https:\/\/www.francais-d-allemagne.eu\/nord\/wp-content\/uploads\/sites\/2\/2026\/03\/Foto-Nico-Berlin-1280x960-1-225x300.jpg 225w, https:\/\/www.francais-d-allemagne.eu\/nord\/wp-content\/uploads\/sites\/2\/2026\/03\/Foto-Nico-Berlin-1280x960-1.jpg 960w\" sizes=\"auto, (max-width: 768px) 100vw, 768px\" \/><\/figure>\n\n\n\n<div class=\"wp-block-group is-nowrap is-layout-flex wp-container-core-group-is-layout-f66f9956 wp-block-group-is-layout-flex\">\n<div class=\"wp-block-group has-global-padding is-layout-constrained wp-container-core-group-is-layout-f5f3bcb8 wp-block-group-is-layout-constrained\">\n<p>Ich bin 41 Jahre alt, <strong>Deutsch-Franzose<\/strong> und lebe nach meinem Studium in Berlin seit fast 20 Jahren in Hamburg. Dadurch kenne ich Norddeutschland und seine Akteure sehr gut. Als ehemaliger <em>Conseiller Consulaire<\/em> liegt mir eine Politik am Herzen, die nah an den Menschen ist und <strong>Solidarit\u00e4t <\/strong>sowie <strong>Chancengleichheit <\/strong>st\u00e4rkt. So m\u00f6chte ich zu einer inklusiven, interkulturellen deutsch-franz\u00f6sischen Gemeinschaft beitragen, in der jede*r seinen Platz findet und die n\u00f6tige Unterst\u00fctzung erh\u00e4lt, um die eigene<strong>Zukunft aufzubauen<\/strong>.<\/p>\n\n\n\n<p><strong>Nico Stallivieri<\/strong><\/p>\n<\/div>\n<\/div>\n<\/div>\n\n\n\n<p><\/p>\n","protected":false},"excerpt":{"rendered":"<p>Hambourg Ing\u00e9nieur \u2022 IT-Manager | 41 ans Candidat \u00e0 l&rsquo;\u00e9lection des conseillers des Fran\u00e7ais-es de l&rsquo;\u00e9trangerConseiller consulaire \u00e9lu (2014-2021) \u00c2g\u00e9 de 41 ans, franco-allemand, install\u00e9 \u00e0 Berlin pour mes \u00e9tudes puis \u00e0 Hambourg depuis bient\u00f4t 20 ans, je connais bien l\u2019Allemagne du Nord et ses acteurs. Engagement associatif Mon engagement associatif aupr\u00e8s de Fran\u00e7ais du [&hellip;]<\/p>\n","protected":false},"author":3,"featured_media":0,"parent":1083,"menu_order":0,"comment_status":"closed","ping_status":"closed","template":"","meta":{"footnotes":""},"class_list":["post-226","page","type-page","status-publish","hentry"],"jetpack_sharing_enabled":true,"jetpack_shortlink":"https:\/\/wp.me\/P4ndNg-3E","_links":{"self":[{"href":"https:\/\/www.francais-d-allemagne.eu\/nord\/wp-json\/wp\/v2\/pages\/226","targetHints":{"allow":["GET"]}}],"collection":[{"href":"https:\/\/www.francais-d-allemagne.eu\/nord\/wp-json\/wp\/v2\/pages"}],"about":[{"href":"https:\/\/www.francais-d-allemagne.eu\/nord\/wp-json\/wp\/v2\/types\/page"}],"author":[{"embeddable":true,"href":"https:\/\/www.francais-d-allemagne.eu\/nord\/wp-json\/wp\/v2\/users\/3"}],"replies":[{"embeddable":true,"href":"https:\/\/www.francais-d-allemagne.eu\/nord\/wp-json\/wp\/v2\/comments?post=226"}],"version-history":[{"count":60,"href":"https:\/\/www.francais-d-allemagne.eu\/nord\/wp-json\/wp\/v2\/pages\/226\/revisions"}],"predecessor-version":[{"id":5364,"href":"https:\/\/www.francais-d-allemagne.eu\/nord\/wp-json\/wp\/v2\/pages\/226\/revisions\/5364"}],"up":[{"embeddable":true,"href":"https:\/\/www.francais-d-allemagne.eu\/nord\/wp-json\/wp\/v2\/pages\/1083"}],"wp:attachment":[{"href":"https:\/\/www.francais-d-allemagne.eu\/nord\/wp-json\/wp\/v2\/media?parent=226"}],"curies":[{"name":"wp","href":"https:\/\/api.w.org\/{rel}","templated":true}]}}