{"id":5431,"date":"2026-03-28T11:40:39","date_gmt":"2026-03-28T10:40:39","guid":{"rendered":"https:\/\/www.francais-d-allemagne.eu\/nord\/?page_id=5431"},"modified":"2026-03-30T17:20:08","modified_gmt":"2026-03-30T16:20:08","slug":"consultation-citoyenne","status":"publish","type":"page","link":"https:\/\/www.francais-d-allemagne.eu\/nord\/consultation-citoyenne\/","title":{"rendered":"Consultation Citoyenne"},"content":{"rendered":"\n<p>Nous ouvrons aujourd\u2019hui une consultation citoyenne destin\u00e9e \u00e0 recueillir <strong>vos id\u00e9es, vos priorit\u00e9s<\/strong> et vos attentes en tant que Fran\u00e7ais \u00e9tablis en Allemagne du Nord.<\/p>\n\n\n\n<p><strong>Votre participation <\/strong>constitue une \u00e9tape importante de d\u00e9mocratie participative et permet de construire, avec vous, des propositions r\u00e9ellement ancr\u00e9es dans votre quotidien. <\/p>\n\n\n\n<p>&#x1f447; <strong>Les r\u00e9ponses<\/strong> seront recueillies via le formulaire ci\u2011dessous.<\/p>\n\n\n\n<p>\u202f&#x1f4e9; Vous pouvez d\u2019ores et d\u00e9j\u00e0 vous inscrire aux rencontres de restitution que nous vous proposons pour partager et discuter vos retours.<\/p>\n\n\n\n<div class=\"wp-block-buttons is-content-justification-left is-layout-flex wp-container-core-buttons-is-layout-50413a35 wp-block-buttons-is-layout-flex\">\n<div class=\"wp-block-button is-style-fill\"><a class=\"wp-block-button__link wp-element-button\" href=\"https:\/\/www.francais-d-allemagne.eu\/nord\/consultation-citoyenne\/#formulaire\">Participer<\/a><\/div>\n\n\n\n<div class=\"wp-block-button is-style-button-brand is-style-button-brand--1\"><a class=\"wp-block-button__link wp-element-button\" href=\"https:\/\/www.francais-d-allemagne.eu\/nord\/consultation-citoyenne\/#inscriptions\">S&rsquo;inscrire aux restitutions<\/a><\/div>\n<\/div>\n\n\n\n<div style=\"height:26px\" aria-hidden=\"true\" class=\"wp-block-spacer\"><\/div>\n\n\n\n<blockquote class=\"wp-block-quote is-layout-flow wp-block-quote-is-layout-flow\">\n<p>Nous souhaitons b\u00e2tir un mandat fond\u00e9 sur l\u2019\u00e9coute, la transparence et la co\u2011construction. <\/p>\n<\/blockquote>\n\n\n\n<p>Nous voulons rendre <strong>des avis qui refl\u00e8tent votre exp\u00e9rience<\/strong>, vos besoins et les enjeux concrets auxquels vous \u00eates confront\u00e9s. Si vous nous accordez votre confiance lors des \u00e9lections de mai prochain pour vous repr\u00e9senter en Allemagne du Nord, notre travail de conseill\u00e8res et conseillers des Fran\u00e7ais de l\u2019\u00e9tranger s\u2019appuiera directement sur vos contributions. <\/p>\n\n\n\n<div class=\"wp-block-group is-style-default has-border-color has-base-background-color has-background has-global-padding is-layout-constrained wp-container-core-group-is-layout-17dae360 wp-block-group-is-layout-constrained\" style=\"border-color:#e2e2ef;border-width:1px;border-radius:5px;padding-top:var(--wp--preset--spacing--large);padding-right:var(--wp--preset--spacing--large);padding-bottom:var(--wp--preset--spacing--large);padding-left:var(--wp--preset--spacing--large)\">\n<p><strong>Chaque contribution compte<\/strong> et contribuera \u00e0 orienter nos actions futures. Merci de votre participation \u00e0 cette d\u00e9marche collective.<\/p>\n\n\n\n<hr class=\"wp-block-separator has-text-color has-primary-alt-color has-alpha-channel-opacity has-primary-alt-background-color has-background is-style-separator-thin\" \/>\n\n\n\n<div class=\"wp-block-group is-nowrap is-layout-flex wp-container-core-group-is-layout-1b11d160 wp-block-group-is-layout-flex\">\n<figure class=\"wp-block-image size-full is-resized is-style-rounded-full\"><img loading=\"lazy\" decoding=\"async\" width=\"676\" height=\"676\" src=\"https:\/\/www.francais-d-allemagne.eu\/nord\/wp-content\/uploads\/sites\/2\/2026\/02\/Logo-2026.jpg\" alt=\"\" class=\"wp-image-5035\" style=\"width:60px;height:60px\" srcset=\"https:\/\/www.francais-d-allemagne.eu\/nord\/wp-content\/uploads\/sites\/2\/2026\/02\/Logo-2026.jpg 676w, https:\/\/www.francais-d-allemagne.eu\/nord\/wp-content\/uploads\/sites\/2\/2026\/02\/Logo-2026-300x300.jpg 300w, https:\/\/www.francais-d-allemagne.eu\/nord\/wp-content\/uploads\/sites\/2\/2026\/02\/Logo-2026-150x150.jpg 150w, https:\/\/www.francais-d-allemagne.eu\/nord\/wp-content\/uploads\/sites\/2\/2026\/02\/Logo-2026-200x200.jpg 200w\" sizes=\"auto, (max-width: 676px) 100vw, 676px\" \/><\/figure>\n\n\n\n<div class=\"wp-block-group is-vertical is-layout-flex wp-container-core-group-is-layout-5f9f5280 wp-block-group-is-layout-flex\">\n<p style=\"font-style:normal;font-weight:500\"><strong>Avenir Europ\u00e9en et Solidaire<\/strong><\/p>\n\n\n\n<p style=\"font-style:normal;font-weight:500\">Projet pour l&rsquo;\u00c9lection Consulaire de Mai 2026<\/p>\n<\/div>\n<\/div>\n\n\n\n<figure class=\"wp-block-image size-large\"><a href=\"https:\/\/www.francais-d-allemagne.eu\/nord\/wp-content\/uploads\/sites\/2\/2026\/03\/1.png\"><img loading=\"lazy\" decoding=\"async\" width=\"1024\" height=\"90\" src=\"https:\/\/www.francais-d-allemagne.eu\/nord\/wp-content\/uploads\/sites\/2\/2026\/03\/1-1024x90.png\" alt=\"\" class=\"wp-image-5449\" srcset=\"https:\/\/www.francais-d-allemagne.eu\/nord\/wp-content\/uploads\/sites\/2\/2026\/03\/1-1024x90.png 1024w, https:\/\/www.francais-d-allemagne.eu\/nord\/wp-content\/uploads\/sites\/2\/2026\/03\/1-300x26.png 300w, https:\/\/www.francais-d-allemagne.eu\/nord\/wp-content\/uploads\/sites\/2\/2026\/03\/1-768x67.png 768w, https:\/\/www.francais-d-allemagne.eu\/nord\/wp-content\/uploads\/sites\/2\/2026\/03\/1.png 1401w\" sizes=\"auto, (max-width: 1024px) 100vw, 1024px\" \/><\/a><\/figure>\n<\/div>\n\n\n\n<div class=\"wp-block-group has-base-color has-primary-background-color has-text-color has-background has-global-padding is-layout-constrained wp-container-core-group-is-layout-92d68a8d wp-block-group-is-layout-constrained\" style=\"border-radius:5px;padding-top:var(--wp--preset--spacing--large);padding-right:var(--wp--preset--spacing--large);padding-bottom:var(--wp--preset--spacing--large);padding-left:var(--wp--preset--spacing--large)\">\n<div class=\"wp-block-group has-global-padding is-layout-constrained wp-container-core-group-is-layout-f5f3bcb8 wp-block-group-is-layout-constrained\">\n<p class=\"has-text-align-center has-medium-font-size\" id=\"inscriptions\" style=\"font-style:normal;font-weight:600\">S&rsquo;inscrire aux restitutions<\/p>\n\n\n\n<p class=\"has-text-align-center has-primary-accent-color has-text-color\">Merci de contribuer \u00e0 ce moment important de participation citoyenne.<br>Que vous ayez ou non soumis une id\u00e9e, votre pr\u00e9sence compte.<br>L&rsquo;inscription est obligatoire.<\/p>\n<\/div>\n\n\n\n<div class=\"wp-block-buttons is-content-justification-center is-layout-flex wp-container-core-buttons-is-layout-f2baa792 wp-block-buttons-is-layout-flex\">\n<div class=\"wp-block-button is-style-fill\"><a class=\"wp-block-button__link wp-element-button\" href=\"https:\/\/luma.com\/99o631pt\" target=\"_blank\" rel=\"noreferrer noopener\">\u00e0 Berlin<\/a><\/div>\n\n\n\n<div class=\"wp-block-button is-style-button-light is-style-button-light--2\"><a class=\"wp-block-button__link wp-element-button\" href=\"https:\/\/luma.com\/07lmr2bn\" target=\"_blank\" rel=\"noreferrer noopener\">Allemagne du Nord \u2022 en vid\u00e9o-conf\u00e9rence<\/a><\/div>\n<\/div>\n<\/div>\n\n\n\n<div style=\"height:26px\" aria-hidden=\"true\" class=\"wp-block-spacer\"><\/div>\n\n\n\n<h2 class=\"wp-block-heading\" id=\"formulaire\">Consultation citoyenne<br>Allemagne du Nord <\/h2>\n\n\n\n<p>&#x1f447; Les r\u00e9ponses sont recueillies via ce formulaire.<br>&#8211;<br>Merci de renseigner une r\u00e9ponse pour chaque th\u00e8me, si vous souhaitez apporter votre contribution sur plusieurs probl\u00e9matiques.<\/p>\n\n\n<div class=\"wp-block-jetpack-contact-form is-vertical is-content-justification-left is-nowrap is-layout-flex wp-container-jetpack-contact-form-is-layout-e17988f4 wp-block-jetpack-contact-form-is-layout-flex\"><a href=\"https:\/\/www.francais-d-allemagne.eu\/nord\/consultation-citoyenne\/\" target=\"_blank\" rel=\"noopener noreferrer\">Soumettre un formulaire.<\/a><\/div>\n\n\n<div class=\"wp-block-group has-base-color has-primary-background-color has-text-color has-background has-global-padding is-layout-constrained wp-container-core-group-is-layout-92d68a8d wp-block-group-is-layout-constrained\" style=\"border-radius:5px;padding-top:var(--wp--preset--spacing--large);padding-right:var(--wp--preset--spacing--large);padding-bottom:var(--wp--preset--spacing--large);padding-left:var(--wp--preset--spacing--large)\">\n<div class=\"wp-block-group has-global-padding is-layout-constrained wp-container-core-group-is-layout-f5f3bcb8 wp-block-group-is-layout-constrained\">\n<p class=\"has-text-align-center has-medium-font-size\" id=\"inscriptions\" style=\"font-style:normal;font-weight:600\">S&rsquo;inscrire aux restitutions<\/p>\n\n\n\n<p class=\"has-text-align-center has-primary-accent-color has-text-color\">Merci de contribuer \u00e0 ce moment important de participation citoyenne.<br>Que vous ayez ou non soumis une id\u00e9e, votre pr\u00e9sence compte.<br>L&rsquo;inscription est obligatoire.<\/p>\n<\/div>\n\n\n\n<div class=\"wp-block-buttons is-content-justification-center is-layout-flex wp-container-core-buttons-is-layout-f2baa792 wp-block-buttons-is-layout-flex\">\n<div class=\"wp-block-button is-style-fill\"><a class=\"wp-block-button__link wp-element-button\" href=\"https:\/\/luma.com\/99o631pt\" target=\"_blank\" rel=\"noreferrer noopener\">\u00e0 Berlin<\/a><\/div>\n\n\n\n<div class=\"wp-block-button is-style-button-light is-style-button-light--3\"><a class=\"wp-block-button__link wp-element-button\" href=\"https:\/\/luma.com\/07lmr2bn\" target=\"_blank\" rel=\"noreferrer noopener\">Allemagne du Nord \u2022 en vid\u00e9o-conf\u00e9rence<\/a><\/div>\n<\/div>\n<\/div>\n\n\n\n<p><\/p>\n","protected":false},"excerpt":{"rendered":"<p>Nous ouvrons aujourd\u2019hui une consultation citoyenne destin\u00e9e \u00e0 recueillir vos id\u00e9es, vos priorit\u00e9s et vos attentes en tant que Fran\u00e7ais \u00e9tablis en Allemagne du Nord. Votre participation constitue une \u00e9tape importante de d\u00e9mocratie participative et permet de construire, avec vous, des propositions r\u00e9ellement ancr\u00e9es dans votre quotidien. &#x1f447; Les r\u00e9ponses seront recueillies via le formulaire [&hellip;]<\/p>\n","protected":false},"author":3,"featured_media":0,"parent":0,"menu_order":0,"comment_status":"closed","ping_status":"closed","template":"","meta":{"jetpack_post_was_ever_published":false,"footnotes":""},"class_list":["post-5431","page","type-page","status-publish","hentry"],"jetpack_sharing_enabled":true,"jetpack_shortlink":"https:\/\/wp.me\/P4ndNg-1pB","_links":{"self":[{"href":"https:\/\/www.francais-d-allemagne.eu\/nord\/wp-json\/wp\/v2\/pages\/5431","targetHints":{"allow":["GET"]}}],"collection":[{"href":"https:\/\/www.francais-d-allemagne.eu\/nord\/wp-json\/wp\/v2\/pages"}],"about":[{"href":"https:\/\/www.francais-d-allemagne.eu\/nord\/wp-json\/wp\/v2\/types\/page"}],"author":[{"embeddable":true,"href":"https:\/\/www.francais-d-allemagne.eu\/nord\/wp-json\/wp\/v2\/users\/3"}],"replies":[{"embeddable":true,"href":"https:\/\/www.francais-d-allemagne.eu\/nord\/wp-json\/wp\/v2\/comments?post=5431"}],"version-history":[{"count":16,"href":"https:\/\/www.francais-d-allemagne.eu\/nord\/wp-json\/wp\/v2\/pages\/5431\/revisions"}],"predecessor-version":[{"id":5457,"href":"https:\/\/www.francais-d-allemagne.eu\/nord\/wp-json\/wp\/v2\/pages\/5431\/revisions\/5457"}],"wp:attachment":[{"href":"https:\/\/www.francais-d-allemagne.eu\/nord\/wp-json\/wp\/v2\/media?parent=5431"}],"curies":[{"name":"wp","href":"https:\/\/api.w.org\/{rel}","templated":true}]}}