{"id":5674,"date":"2026-05-07T21:54:14","date_gmt":"2026-05-07T20:54:14","guid":{"rendered":"https:\/\/www.francais-d-allemagne.eu\/nord\/?page_id=5674"},"modified":"2026-05-09T07:21:13","modified_gmt":"2026-05-09T06:21:13","slug":"pour-aller-plus-loin","status":"publish","type":"page","link":"https:\/\/www.francais-d-allemagne.eu\/nord\/pour-aller-plus-loin\/","title":{"rendered":"Pour aller plus loin&#8230;"},"content":{"rendered":"\n<p><strong>Nous sommes l\u00e0 pour vous accompagner au quotidien<\/strong> et rendre la vie en Allemagne du Nord plus simple, plus interculturelle et plus juste.<\/p>\n\n\n\n<p>Certaines mesures d\u00e9pendent de l\u2019Assembl\u00e9e des Fran\u00e7ais de l\u2019\u00e9tranger ou de la repr\u00e9sentation nationale. C\u2019est normal : chacun a son r\u00f4le. Et cela ne nous emp\u00eache pas d\u2019agir.<\/p>\n\n\n\n<p>En tant que conseillers consulaires, nous avons une voix qui compte aupr\u00e8s des autorit\u00e9s fran\u00e7aises et des acteurs allemands locaux. Et nous voulons travailler de concert avec toutes et tous &#8211; \u00e9lus consulaires, s\u00e9nateurs, administrations, associations, ONG, citoyens &#8211; pour faire avancer les sujets qui vous concernent vraiment.<\/p>\n\n\n\n<p><strong>Ensemble, <\/strong>on peut faire progresser des sujets concrets.<\/p>\n\n\n\n<h2 class=\"wp-block-heading\">Toutes nos propositions<\/h2>\n\n\n\n<div id=\"emploi\" class=\"wp-block-group has-border-color has-border-light-border-color has-global-padding is-layout-constrained wp-container-core-group-is-layout-fc7dcecf wp-block-group-is-layout-constrained\" style=\"border-width:1px;border-radius:5px;padding-top:var(--wp--preset--spacing--large);padding-right:var(--wp--preset--spacing--large);padding-bottom:var(--wp--preset--spacing--large);padding-left:var(--wp--preset--spacing--large)\">\n<div class=\"wp-block-group has-base-font-size is-horizontal is-nowrap is-layout-flex wp-container-core-group-is-layout-04f5f9a2 wp-block-group-is-layout-flex\">\n<p class=\"has-primary-font-family has-x-large-font-size\" style=\"font-style:normal;font-weight:500;line-height:1\">Emploi<\/p>\n\n\n\n<p class=\"has-secondary-color has-text-color has-primary-font-family has-small-font-size\" style=\"margin-top:1.4rem\"><\/p>\n<\/div>\n\n\n\n<div class=\"wp-block-group has-global-padding is-layout-constrained wp-container-core-group-is-layout-f5f3bcb8 wp-block-group-is-layout-constrained\">\n<p class=\"has-medium-font-size\" style=\"font-style:normal;font-weight:600\">et Entrepreneuriat<\/p>\n\n\n\n<p class=\"has-secondary-color has-text-color has-small-font-size\">Soutenir les projets des Fran\u00e7ais-es \u00e0 l\u2019\u00e9tranger, qu\u2019il s\u2019agisse de trouver un (premier) emploi, de l\u2019entraide professionelle, ou de l\u2019aide pour un changement de carri\u00e8re.<\/p>\n<\/div>\n\n\n\n<div class=\"wp-block-group has-small-font-size has-global-padding is-layout-constrained wp-container-core-group-is-layout-f5f3bcb8 wp-block-group-is-layout-constrained\">\n<div class=\"wp-block-group is-nowrap is-layout-flex wp-container-core-group-is-layout-950b23a9 wp-block-group-is-layout-flex\">\n<p><strong>\u2713<\/strong><\/p>\n\n\n\n<p><strong>Encourager l\u2019aide et l&rsquo;entraide professionnelle<\/strong><\/p>\n<\/div>\n\n\n\n<hr class=\"wp-block-separator has-text-color has-border-light-color has-alpha-channel-opacity has-border-light-background-color has-background is-style-separator-thin\" \/>\n\n\n\n<div class=\"wp-block-group is-nowrap is-layout-flex wp-container-core-group-is-layout-950b23a9 wp-block-group-is-layout-flex\">\n<p><strong>\u2713<\/strong><\/p>\n\n\n\n<p><strong>Accompagner les jeunes et celles et ceux qui d\u00e9marrent.<\/strong><\/p>\n<\/div>\n\n\n\n<hr class=\"wp-block-separator has-text-color has-border-light-color has-alpha-channel-opacity has-border-light-background-color has-background is-style-separator-thin\" \/>\n\n\n\n<div class=\"wp-block-group is-nowrap is-layout-flex wp-container-core-group-is-layout-950b23a9 wp-block-group-is-layout-flex\">\n<p><strong>\u2713<\/strong><\/p>\n\n\n\n<p><strong>Plus de ressources pour les parcours \u00e9volutifs et la VAE*.<\/strong><\/p>\n<\/div>\n\n\n\n<p class=\"has-secondary-color has-text-color has-small-font-size\">*VAE = Valorisation des Acquis par l&rsquo;Exp\u00e9rience<\/p>\n\n\n\n<p class=\"has-secondary-color has-text-color has-small-font-size\"><em><em>Un d\u00e9veloppeur freelance \u00e0 Leipzig, fort de cinq ans d&rsquo;exp\u00e9rience acquise en Allemagne, pourrait valider ses acquis pour obtenir un dipl\u00f4me fran\u00e7ais reconnu&nbsp; et ainsi d\u00e9crocher des missions en France ou aupr\u00e8s d&rsquo;entreprises fran\u00e7aises sans repartir de z\u00e9ro.<\/em><\/em><\/p>\n\n\n\n<hr class=\"wp-block-separator has-text-color has-border-light-color has-alpha-channel-opacity has-border-light-background-color has-background is-style-separator-thin\" \/>\n\n\n\n<div class=\"wp-block-group is-nowrap is-layout-flex wp-container-core-group-is-layout-950b23a9 wp-block-group-is-layout-flex\">\n<p><strong>\u2713<\/strong><\/p>\n\n\n\n<p><strong><strong>Un soutien particulier pour celles et ceux en difficult\u00e9 au travail.<\/strong><\/strong><\/p>\n<\/div>\n\n\n\n<p class=\"has-secondary-color has-text-color has-small-font-size\"><em>Vous venez de perdre votre poste \u00e0 Hambourg ou Berlin et vous ne savez pas quelles sont les premi\u00e8res d\u00e9marches \u00e0 entreprendre ? Nous vous aidons \u00e0 y voir clair et \u00e0 ne pas perdre vos droits.<\/em><\/p>\n\n\n\n<hr class=\"wp-block-separator has-text-color has-border-light-color has-alpha-channel-opacity has-border-light-background-color has-background is-style-separator-thin\" \/>\n\n\n\n<div class=\"wp-block-group is-nowrap is-layout-flex wp-container-core-group-is-layout-950b23a9 wp-block-group-is-layout-flex\">\n<p><strong>\u2713<\/strong><\/p>\n\n\n\n<p><strong>Informer et orienter vers les structures locales allemandes<\/strong><\/p>\n<\/div>\n\n\n\n<hr class=\"wp-block-separator has-text-color has-border-light-color has-alpha-channel-opacity has-border-light-background-color has-background is-style-separator-thin\" \/>\n\n\n\n<div class=\"wp-block-group is-nowrap is-layout-flex wp-container-core-group-is-layout-950b23a9 wp-block-group-is-layout-flex\">\n<p><strong>\u2713<\/strong><\/p>\n\n\n\n<p><strong>Soutenir les associations qui portent des projets pour l&#8217;emploi <\/strong><\/p>\n<\/div>\n\n\n\n<hr class=\"wp-block-separator has-text-color has-border-light-color has-alpha-channel-opacity has-border-light-background-color has-background is-style-separator-thin\" \/>\n\n\n\n<div class=\"wp-block-group is-nowrap is-layout-flex wp-container-core-group-is-layout-950b23a9 wp-block-group-is-layout-flex\">\n<p><strong>\u2713<\/strong><\/p>\n\n\n\n<p><strong>Ch\u00e8que Jeunes Entrepreneurs<\/strong><\/p>\n<\/div>\n\n\n\n<p class=\"has-secondary-color has-text-color has-small-font-size\">Id\u00e9e\/Proposition : <em>Pour les jeunes venus de l\u2019\u00e9tranger qui cr\u00e9ent une entreprise, dix-huit mois d\u2019assurance maladie locale garantis afin de lancer leur activit\u00e9, sur dossier, avec une r\u00e9vocation possible d\u00e8s que les seuils fix\u00e9s par l\u2019administration fiscale (dans notre cas le Finanzamt allemand) sont d\u00e9pass\u00e9s. <\/em><\/p>\n<\/div>\n<\/div>\n\n\n\n<blockquote class=\"wp-block-quote is-layout-flow wp-block-quote-is-layout-flow\">\n<p>Notre engagement pour une action publique r\u00e9solument sociale<\/p>\n<\/blockquote>\n\n\n\n<div class=\"wp-block-group has-primary-background-color has-background has-global-padding is-layout-constrained wp-container-core-group-is-layout-5fbedae1 wp-block-group-is-layout-constrained\" style=\"border-radius:5px;padding-top:var(--wp--preset--spacing--large);padding-right:var(--wp--preset--spacing--large);padding-bottom:var(--wp--preset--spacing--large);padding-left:var(--wp--preset--spacing--large)\">\n<div class=\"wp-block-group has-global-padding is-layout-constrained wp-block-group-is-layout-constrained\">\n<p class=\"has-base-color has-text-color\">Emploi, \u00c9ducation, Bourses Scolaires, Franco-Allemand, Int\u00e9gration, Culture, Vie Associative, \u00c9conomie Locale, D\u00e9marches et Service Public. Tous les th\u00e8mes de cette \u00e9lection sont profond\u00e9ment sociaux. Ils touchent \u00e0 la vie quotidienne, aux parcours de chacun, et \u00e0 l\u2019\u00e9galit\u00e9 des chances.<\/p>\n<\/div>\n<\/div>\n\n\n\n<div id=\"action-sociale\" class=\"wp-block-group has-border-color has-border-light-border-color has-global-padding is-layout-constrained wp-container-core-group-is-layout-fc7dcecf wp-block-group-is-layout-constrained\" style=\"border-width:1px;border-radius:5px;padding-top:var(--wp--preset--spacing--large);padding-right:var(--wp--preset--spacing--large);padding-bottom:var(--wp--preset--spacing--large);padding-left:var(--wp--preset--spacing--large)\">\n<div class=\"wp-block-group has-base-font-size is-horizontal is-nowrap is-layout-flex wp-container-core-group-is-layout-04f5f9a2 wp-block-group-is-layout-flex\">\n<p class=\"has-primary-font-family has-x-large-font-size\" style=\"font-style:normal;font-weight:500;line-height:1\">Action <br>et Justice Sociale<\/p>\n<\/div>\n\n\n\n<div class=\"wp-block-group has-global-padding is-layout-constrained wp-container-core-group-is-layout-f5f3bcb8 wp-block-group-is-layout-constrained\">\n<p class=\"has-secondary-color has-text-color has-small-font-size\">Des initiatives concr\u00e8tes pour accompagner les Fran\u00e7ais dans leurs d\u00e9marches essentielles : acc\u00e8s aux aides sociales et pour les familles, Jobcenter, retraite, logement, sant\u00e9, et toutes les d\u00e9marches administratives qui structurent leur quotidien.<\/p>\n<\/div>\n\n\n\n<div class=\"wp-block-group has-small-font-size has-global-padding is-layout-constrained wp-container-core-group-is-layout-f5f3bcb8 wp-block-group-is-layout-constrained\">\n<div class=\"wp-block-group is-nowrap is-layout-flex wp-container-core-group-is-layout-950b23a9 wp-block-group-is-layout-flex\">\n<p><strong>\u2713<\/strong><\/p>\n\n\n\n<p><strong>R\/\u00e9tablir les formats consulaires n\u00e9cessaires pour avancer <\/strong><\/p>\n<\/div>\n\n\n\n<hr class=\"wp-block-separator has-text-color has-border-light-color has-alpha-channel-opacity has-border-light-background-color has-background is-style-separator-thin\" \/>\n\n\n\n<div class=\"wp-block-group is-nowrap is-layout-flex wp-container-core-group-is-layout-950b23a9 wp-block-group-is-layout-flex\">\n<p><strong>\u2713<\/strong><\/p>\n\n\n\n<p><strong>Travailler avec les \u00e9lus et les acteurs locaux <\/strong><\/p>\n<\/div>\n\n\n\n<hr class=\"wp-block-separator has-text-color has-border-light-color has-alpha-channel-opacity has-border-light-background-color has-background is-style-separator-thin\" \/>\n\n\n\n<div class=\"wp-block-group is-nowrap is-layout-flex wp-container-core-group-is-layout-950b23a9 wp-block-group-is-layout-flex\">\n<p><strong>\u2713<\/strong><\/p>\n\n\n\n<p><strong>Informer et orienter vers les structures et les dispositifs allemands<\/strong><\/p>\n<\/div>\n\n\n\n<hr class=\"wp-block-separator has-text-color has-border-light-color has-alpha-channel-opacity has-border-light-background-color has-background is-style-separator-thin\" \/>\n\n\n\n<div class=\"wp-block-group is-nowrap is-layout-flex wp-container-core-group-is-layout-950b23a9 wp-block-group-is-layout-flex\">\n<p><strong>\u2713<\/strong><\/p>\n\n\n\n<p><strong>Un accompagnement humain pour tous les grands \u00e9v\u00e9nements de la vie<\/strong><\/p>\n<\/div>\n\n\n\n<p class=\"has-secondary-color has-text-color has-small-font-size\"><em><em>Naissances, Mariages, Divorces, D\u00e9c\u00e8s <\/em><\/em><\/p>\n\n\n\n<p class=\"has-secondary-color has-text-color has-small-font-size\"><em><em>Exemple : un couple franco-allemand se s\u00e9pare en Allemagne. Nous voulons que les familles trouvent toutes les ressources en fran\u00e7ais et en allemand pour conna\u00eetre leurs droits dans les syst\u00e8mes de nos deux pays et pr\u00e9venir si besoin un conflit d&rsquo;autorit\u00e9 parentale.<\/em><\/em> <\/p>\n\n\n\n<hr class=\"wp-block-separator has-text-color has-border-light-color has-alpha-channel-opacity has-border-light-background-color has-background is-style-separator-thin\" \/>\n\n\n\n<div class=\"wp-block-group is-nowrap is-layout-flex wp-container-core-group-is-layout-950b23a9 wp-block-group-is-layout-flex\">\n<p><strong>\u2713<\/strong><\/p>\n\n\n\n<p><strong><strong>Renforcer les fonds d\u2019aide d&rsquo;urgence pour les Fran\u00e7ais en difficult\u00e9<\/strong><\/strong><\/p>\n<\/div>\n\n\n\n<p class=\"has-secondary-color has-text-color has-small-font-size\"><em><em>Exemple : violences contre les femmes. Nous devons renforcer les dispositifs capables d\u2019intervenir en premi\u00e8re urgence, lorsque qu\u2019une aide imm\u00e9diate est n\u00e9cessaire avant que les institutions fran\u00e7aises ou allemandes puissent prendre le relais.<\/em><\/em><\/p>\n\n\n\n<hr class=\"wp-block-separator has-text-color has-border-light-color has-alpha-channel-opacity has-border-light-background-color has-background is-style-separator-thin\" \/>\n\n\n\n<div class=\"wp-block-group is-nowrap is-layout-flex wp-container-core-group-is-layout-950b23a9 wp-block-group-is-layout-flex\">\n<p><strong>\u2713<\/strong><\/p>\n\n\n\n<p><strong><strong>Faciliter l&rsquo;acc\u00e8s au logement<\/strong> via des partenariats et plus d&rsquo;information<\/strong><\/p>\n<\/div>\n\n\n\n<p class=\"has-secondary-color has-text-color has-small-font-size\"><em>Un jeune couple arrive \u00e0 Berlin et, gr\u00e2ce \u00e0 une information claire sur la Mietpreisbremse et ses droits, peut orienter sa recherche et acc\u00e9der \u00e0 un logement \u00e0 un prix juste.<\/em><\/p>\n\n\n\n<p class=\"has-secondary-color has-text-color has-small-font-size\"><em><em>Une Fran\u00e7aise retrait\u00e9e \u00e0 Hambourg doit quitter le logement qu\u2019elle occupe depuis des ann\u00e9es &#8211; vers qui peut\u2011elle se tourner pour obtenir de l\u2019aide\u202f?<\/em><\/em><\/p>\n\n\n\n<hr class=\"wp-block-separator has-text-color has-border-light-color has-alpha-channel-opacity has-border-light-background-color has-background is-style-separator-thin\" \/>\n\n\n\n<div class=\"wp-block-group is-nowrap is-layout-flex wp-container-core-group-is-layout-950b23a9 wp-block-group-is-layout-flex\">\n<p><strong>\u2713<\/strong><\/p>\n\n\n\n<p><strong><strong>Plus d&rsquo;orientation et d&rsquo;information pour les d\u00e9marches de sant\u00e9<\/strong><\/strong><\/p>\n<\/div>\n\n\n\n<p class=\"has-secondary-color has-text-color has-small-font-size\"><em>Une Fran\u00e7aise install\u00e9e \u00e0 Hanovre cherche un m\u00e9decin g\u00e9n\u00e9raliste francophone pour pouvoir relire et comprendre ensemble les r\u00e9sultats d\u2019une analyse m\u00e9dicale.<\/em><\/p>\n\n\n\n<p class=\"has-secondary-color has-text-color has-small-font-size\"><em>Quels sont les programmes de pr\u00e9vention de l&rsquo;assurance maladie allemande dont vous pouvez profiter<\/em> <em>en Allemagne du Nord ? <\/em><\/p>\n\n\n\n<hr class=\"wp-block-separator has-text-color has-border-light-color has-alpha-channel-opacity has-border-light-background-color has-background is-style-separator-thin\" \/>\n\n\n\n<div class=\"wp-block-group is-nowrap is-layout-flex wp-container-core-group-is-layout-950b23a9 wp-block-group-is-layout-flex\">\n<p><strong>\u2713<\/strong><\/p>\n\n\n\n<p><strong>Soutenir les projets des associations pour les jeunes et nos a\u00een\u00e9s<\/strong><\/p>\n<\/div>\n\n\n\n<hr class=\"wp-block-separator has-text-color has-border-light-color has-alpha-channel-opacity has-border-light-background-color has-background is-style-separator-thin\" \/>\n\n\n\n<div class=\"wp-block-group is-nowrap is-layout-flex wp-container-core-group-is-layout-950b23a9 wp-block-group-is-layout-flex\">\n<p><strong>\u2713<\/strong><\/p>\n\n\n\n<p><strong>Garantir l&rsquo;acc\u00e8s imm\u00e9diat \u00e0 la s\u00e9curit\u00e9 sociale en cas de retour en France<\/strong><\/p>\n<\/div>\n<\/div>\n<\/div>\n","protected":false},"excerpt":{"rendered":"<p>Nous sommes l\u00e0 pour vous accompagner au quotidien et rendre la vie en Allemagne du Nord plus simple, plus interculturelle et plus juste. Certaines mesures d\u00e9pendent de l\u2019Assembl\u00e9e des Fran\u00e7ais de l\u2019\u00e9tranger ou de la repr\u00e9sentation nationale. C\u2019est normal : chacun a son r\u00f4le. Et cela ne nous emp\u00eache pas d\u2019agir. En tant que conseillers [&hellip;]<\/p>\n","protected":false},"author":3,"featured_media":0,"parent":0,"menu_order":0,"comment_status":"closed","ping_status":"closed","template":"","meta":{"footnotes":""},"class_list":["post-5674","page","type-page","status-publish","hentry"],"jetpack_sharing_enabled":true,"jetpack_shortlink":"https:\/\/wp.me\/P4ndNg-1tw","_links":{"self":[{"href":"https:\/\/www.francais-d-allemagne.eu\/nord\/wp-json\/wp\/v2\/pages\/5674","targetHints":{"allow":["GET"]}}],"collection":[{"href":"https:\/\/www.francais-d-allemagne.eu\/nord\/wp-json\/wp\/v2\/pages"}],"about":[{"href":"https:\/\/www.francais-d-allemagne.eu\/nord\/wp-json\/wp\/v2\/types\/page"}],"author":[{"embeddable":true,"href":"https:\/\/www.francais-d-allemagne.eu\/nord\/wp-json\/wp\/v2\/users\/3"}],"replies":[{"embeddable":true,"href":"https:\/\/www.francais-d-allemagne.eu\/nord\/wp-json\/wp\/v2\/comments?post=5674"}],"version-history":[{"count":11,"href":"https:\/\/www.francais-d-allemagne.eu\/nord\/wp-json\/wp\/v2\/pages\/5674\/revisions"}],"predecessor-version":[{"id":5715,"href":"https:\/\/www.francais-d-allemagne.eu\/nord\/wp-json\/wp\/v2\/pages\/5674\/revisions\/5715"}],"wp:attachment":[{"href":"https:\/\/www.francais-d-allemagne.eu\/nord\/wp-json\/wp\/v2\/media?parent=5674"}],"curies":[{"name":"wp","href":"https:\/\/api.w.org\/{rel}","templated":true}]}}